{"id":13268,"date":"2025-03-17T11:38:47","date_gmt":"2025-03-17T10:38:47","guid":{"rendered":"https:\/\/www.campinglesmizottes.fr\/visite-la-tranche-sur-mer\/"},"modified":"2025-04-14T14:02:39","modified_gmt":"2025-04-14T12:02:39","slug":"visite-la-tranche-sur-mer","status":"publish","type":"page","link":"https:\/\/www.campinglesmizottes.fr\/nl\/visite-la-tranche-sur-mer\/","title":{"rendered":"La Tranche-sur-Mer"},"content":{"rendered":"\n<div class=\"wp-block-group is-layout-constrained wp-container-core-group-is-layout-3b3f7343 wp-block-group-is-layout-constrained\" style=\"padding-top:var(--wp--preset--spacing--60);padding-bottom:var(--wp--preset--spacing--60)\">\n<h1 class=\"wp-block-heading alignwide has-text-align-center has-link-color-color has-text-color has-x-large-font-size\" style=\"margin-top:var(--wp--preset--spacing--60);margin-right:var(--wp--preset--spacing--60);margin-bottom:var(--wp--preset--spacing--60);margin-left:var(--wp--preset--spacing--60);padding-top:var(--wp--preset--spacing--60);padding-right:var(--wp--preset--spacing--60);padding-bottom:var(--wp--preset--spacing--60);padding-left:var(--wp--preset--spacing--60);text-transform:capitalize\">La Tranche-sur-Mer<\/h1>\n\n\n\n<p class=\"has-text-align-center\">Vanaf onze <a href=\"https:\/\/www.campinglesmizottes.fr\/nl\/\">camping in de Vend\u00e9e<\/a> bent u ideaal gelegen om <strong>La Tranche-sur-Mer te bezoeken<\/strong>, een bekende badplaats aan de kust van de Vend\u00e9e en in het hart van de <a href=\"https:\/\/www.campinglesmizottes.fr\/nl\/sud-vendee\/\">zuidelijke Vend\u00e9e<\/a>.  <br\/><\/p>\n<\/div>\n\n<div class=\"wp-block-group overflow-hidden is-layout-flow wp-block-group-is-layout-flow\" style=\"margin-top:var(--wp--preset--spacing--80);margin-bottom:var(--wp--preset--spacing--80);padding-top:var(--wp--preset--spacing--80);padding-bottom:var(--wp--preset--spacing--80)\">\n<div class=\"wp-block-columns is-layout-flex wp-container-core-columns-is-layout-28232c24 wp-block-columns-is-layout-flex\">\n<div class=\"wp-block-column is-vertically-aligned-center is-layout-flow wp-block-column-is-layout-flow\">\n<figure class=\"wp-block-image size-full has-custom-border is-style-default animated fadeInLeft slow\"><img data-dominant-color=\"6f93b8\" data-has-transparency=\"false\" loading=\"lazy\" decoding=\"async\" width=\"1350\" height=\"1350\" sizes=\"auto, (max-width: min(calc(100% - 15vw), 1350px)) 100vw, min(calc(100% - 15vw), 1350px)\" src=\"https:\/\/www.campinglesmizottes.fr\/wp-content\/uploads\/sites\/82\/2025\/03\/la-tranche-3_1-edited.webp\" alt=\"Tranche 3 1\" class=\"wp-image-11743 not-transparent\" style=\"--dominant-color: #6f93b8; border-top-right-radius:2rem;border-bottom-right-radius:2rem;aspect-ratio:1;object-fit:cover\" srcset=\"https:\/\/www.campinglesmizottes.fr\/wp-content\/uploads\/sites\/82\/2025\/03\/la-tranche-3_1-edited.webp 1350w, https:\/\/www.campinglesmizottes.fr\/wp-content\/uploads\/sites\/82\/2025\/03\/la-tranche-3_1-edited-300x300.webp 300w, https:\/\/www.campinglesmizottes.fr\/wp-content\/uploads\/sites\/82\/2025\/03\/la-tranche-3_1-edited-1024x1024.webp 1024w, https:\/\/www.campinglesmizottes.fr\/wp-content\/uploads\/sites\/82\/2025\/03\/la-tranche-3_1-edited-150x150.webp 150w, https:\/\/www.campinglesmizottes.fr\/wp-content\/uploads\/sites\/82\/2025\/03\/la-tranche-3_1-edited-768x768.webp 768w\" \/><\/figure>\n<\/div>\n\n\n\n<div class=\"wp-block-column is-vertically-aligned-center is-layout-flow wp-block-column-is-layout-flow\" style=\"padding-right:var(--wp--preset--spacing--80);padding-left:var(--wp--preset--spacing--80);flex-basis:60%\">\n<div class=\"wp-block-group is-layout-flow wp-block-group-is-layout-flow\" style=\"padding-right:var(--wp--preset--spacing--40);padding-bottom:0;padding-left:var(--wp--preset--spacing--40)\">\n<h2 class=\"wp-block-heading has-color-2-color has-text-color has-link-color has-poppins-font-family has-large-font-size wp-elements-2804d7ee7672baf4ed2bb2abbaef5b64\" style=\"font-style:normal;font-weight:500;line-height:1\">Wat te zien in La Tranche-sur-Mer<\/h2>\n\n\n\n<figure class=\"wp-block-image size-full is-resized wp-duotone-1b79bf-rgb27121191-1\"><img loading=\"lazy\" decoding=\"async\" width=\"146\" height=\"22\" sizes=\"auto, (max-width: min(calc(100% - 15vw), 133px)) 100vw, min(calc(100% - 15vw), 133px)\" src=\"https:\/\/www.campinglesmizottes.fr\/wp-content\/uploads\/sites\/82\/2023\/08\/separator.png\" alt=\"scheider\" class=\"wp-image-5772\" style=\"width:133px;height:auto\"\/><\/figure>\n\n\n\n<p><strong>La Tranche-sur-Mer<\/strong>, gelegen aan de kust van de Vend\u00e9e, is een badplaats die bekend staat om zijn uitzonderlijke natuurlijke omgeving en rustige sfeer, niet ver van de baai van<a href=\"https:\/\/www.campinglesmizottes.fr\/nl\/l-aiguillon-sur-mer-html\/\">Aiguillon-sur-Mer<\/a>. Met <strong>13 km aan fijne zandstranden<\/strong> is het ideaal om te zwemmen, te wandelen langs de kust en watersporten te beoefenen zoals surfen, paddleboarden en zeilen. <\/p>\n\n\n\n<p>Natuurliefhebbers kunnen hun hart ophalen in het <strong>staatsbos van Longeville<\/strong>, ideaal om te wandelen en te fietsen. Mis de <strong>vuurtoren van Grouin du Cou<\/strong> niet, die een panoramisch uitzicht biedt over de oceaan en het Ile de R\u00e9. <\/p>\n\n\n\n<p>Het stadscentrum van La Tranche-sur-Mer biedt een gezellige sfeer, typische markten en charmante winkelstraatjes. Voor een gezinsuitstap vanuit uw <a href=\"https:\/\/www.campinglesmizottes.fr\/nl\/location-mobil-home-vendee\/\">stacaravan in de Vend\u00e9e<\/a> kunt u naar <strong>het Aquarium de Vend\u00e9e<\/strong> of het <a href=\"https:\/\/www.campinglesmizottes.fr\/nl\/visiter-marais-poitevin\/\">Marais Poitevin<\/a>, op slechts enkele kilometers. Tussen ontspanning en ontdekking is La Tranche-sur-Mer de perfecte bestemming voor een vakantie op onze <a href=\"https:\/\/www.campinglesmizottes.fr\/nl\/camping-pas-cher-vendee\/\">camping in de Vend\u00e9e tegen de beste prijs<\/a>! <\/p>\n<\/div>\n<\/div>\n<\/div>\n<\/div>\n\n<div class=\"wp-block-group overflow-hidden has-color-4-background-color has-background is-layout-flow wp-block-group-is-layout-flow\" style=\"margin-top:var(--wp--preset--spacing--80);margin-bottom:var(--wp--preset--spacing--80);padding-top:var(--wp--preset--spacing--80);padding-bottom:var(--wp--preset--spacing--80)\">\n<div class=\"wp-block-columns is-layout-flex wp-container-core-columns-is-layout-28232c24 wp-block-columns-is-layout-flex\">\n<div class=\"wp-block-column is-vertically-aligned-top is-layout-constrained wp-container-core-column-is-layout-e3b6657a wp-block-column-is-layout-constrained\" style=\"padding-top:var(--wp--preset--spacing--60);padding-right:var(--wp--preset--spacing--60);padding-bottom:var(--wp--preset--spacing--60);padding-left:var(--wp--preset--spacing--60);flex-basis:60%\">\n<h2 class=\"wp-block-heading has-color-1-color has-text-color has-poppins-font-family has-large-font-size\" style=\"margin-top:0;margin-right:0;margin-bottom:0;margin-left:0;font-style:normal;font-weight:500;line-height:1\">Dingen om te doen in La Tranche-sur-Mer<\/h2>\n\n\n\n<figure class=\"wp-block-image size-full is-resized wp-duotone-1b79bf-rgb27121191-2\"><img loading=\"lazy\" decoding=\"async\" width=\"146\" height=\"22\" sizes=\"auto, (max-width: min(calc(100% - 15vw), 133px)) 100vw, min(calc(100% - 15vw), 133px)\" src=\"https:\/\/www.campinglesmizottes.fr\/wp-content\/uploads\/sites\/82\/2023\/08\/separator.png\" alt=\"scheider\" class=\"wp-image-5772\" style=\"width:133px;height:auto\"\/><\/figure>\n\n\n\n<p>Het dennenbos dat 600 hectare grond in de gemeente beslaat, ligt aan de poort van het Marais Poitevin en zorgt voor een rustige sfeer om te fietsen of te wandelen langs de duinen langs de kustlijn.<\/p>\n\n\n\n<p>La Tranche-sur-Mer, een echt juweeltje aan de Atlantische kust met de bijnaam &#8220;Klein Californi\u00eb&#8221;, staat bekend om zijn watersportplaatsen, vooral windsurfen, een activiteit waarvoor het een certificaat heeft gekregen. Of het nu op open zee of op het water is, er is geen tekort aan activiteiten, waaronder introductiecursussen, trainingen en uitstapjes op zee vanaf de pier die uitkijkt op het \u00cele de R\u00e9. <\/p>\n\n\n\n<p>Terug op onze <a href=\"https:\/\/www.campinglesmizottes.fr\/nl\/camping-piscines-vendee\/\">camping met zwembad in de Vend\u00e9e<\/a>, ontdek onze <a href=\"https:\/\/www.campinglesmizottes.fr\/nl\/location-insolite-vendee\/\">ongewone accommodaties<\/a> of <a href=\"https:\/\/www.campinglesmizottes.fr\/nl\/emplacements-camping-vendee\/\">kampeerplaatsen in de buurt van La Tranche-sur-Mer<\/a>.<\/p>\n<\/div>\n\n\n\n<div class=\"wp-block-column is-layout-flow wp-block-column-is-layout-flow\">\n<figure class=\"wp-block-image size-large has-custom-border is-style-default animated fadeInRight slow\"><img data-dominant-color=\"626d77\" data-has-transparency=\"false\" loading=\"lazy\" decoding=\"async\" width=\"1024\" height=\"717\" sizes=\"auto, (max-width: min(calc(100% - 15vw), 1024px)) 100vw, min(calc(100% - 15vw), 1024px)\" src=\"https:\/\/www.campinglesmizottes.fr\/wp-content\/uploads\/sites\/82\/2025\/03\/Planche-a-voile--1024x717.jpg\" alt=\"Windsurfen\" class=\"wp-image-11736 not-transparent\" style=\"--dominant-color: #626d77; border-top-left-radius:2rem;border-bottom-left-radius:2rem;aspect-ratio:1;object-fit:cover\" srcset=\"https:\/\/www.campinglesmizottes.fr\/wp-content\/uploads\/sites\/82\/2025\/03\/Planche-a-voile--1024x717.jpg 1024w, https:\/\/www.campinglesmizottes.fr\/wp-content\/uploads\/sites\/82\/2025\/03\/Planche-a-voile--300x210.jpg 300w, https:\/\/www.campinglesmizottes.fr\/wp-content\/uploads\/sites\/82\/2025\/03\/Planche-a-voile--768x538.jpg 768w, https:\/\/www.campinglesmizottes.fr\/wp-content\/uploads\/sites\/82\/2025\/03\/Planche-a-voile--1536x1075.jpg 1536w, https:\/\/www.campinglesmizottes.fr\/wp-content\/uploads\/sites\/82\/2025\/03\/Planche-a-voile-.jpg 2000w\" \/><\/figure>\n<\/div>\n<\/div>\n<\/div>\n\n<div class=\"wp-block-group has-background is-layout-constrained wp-container-core-group-is-layout-fefbaab8 wp-block-group-is-layout-constrained\" style=\"background-color:#e6a74324;margin-top:0;margin-bottom:0;padding-top:var(--wp--preset--spacing--80);padding-bottom:var(--wp--preset--spacing--80)\">\n<div style=\"height:17px\" aria-hidden=\"true\" class=\"wp-block-spacer\"><\/div>\n\n\n\n<h2 class=\"wp-block-heading has-text-align-center has-color-2-color has-text-color has-large-font-size\" style=\"font-style:normal;font-weight:500\">Ontdek Lu\u00e7on, de Marais Poitevin en de v\u00e9lodyss\u00e9e-route<\/h2>\n\n\n\r\n<div \r\n     \r\n    class=\"gt-maillage-block\" \r\n    style=\"\"\r\n>\r\n\r\n    \r\n        \r\n        <article \r\n    class=\"gt-cta gt-cta--page\" \r\n    style=\"aspect-ratio:1\/1\"\r\n>\r\n    <a href=\"https:\/\/www.campinglesmizottes.fr\/nl\/visiter-lucon\/\" title=\"Lu\u00e7on\" class=\"gt-cta__link\">\r\n        <div class=\"gt-cta__thumb\">\r\n                            <img alt=\"Lucon Parc floral de la Presquile 2\" loading=\"lazy\" decoding=\"async\" width=\"2023\" height=\"1350\" src=\"https:\/\/www.campinglesmizottes.fr\/wp-content\/uploads\/sites\/82\/2025\/03\/Lucon-Parc-floral-de-la-Presquile-2.webp\" class=\"attachment-full size-full not-transparent wp-post-image\" alt=\"\" srcset=\"https:\/\/www.campinglesmizottes.fr\/wp-content\/uploads\/sites\/82\/2025\/03\/Lucon-Parc-floral-de-la-Presquile-2.webp 2023w, https:\/\/www.campinglesmizottes.fr\/wp-content\/uploads\/sites\/82\/2025\/03\/Lucon-Parc-floral-de-la-Presquile-2-300x200.webp 300w, https:\/\/www.campinglesmizottes.fr\/wp-content\/uploads\/sites\/82\/2025\/03\/Lucon-Parc-floral-de-la-Presquile-2-1024x683.webp 1024w, https:\/\/www.campinglesmizottes.fr\/wp-content\/uploads\/sites\/82\/2025\/03\/Lucon-Parc-floral-de-la-Presquile-2-768x513.webp 768w, https:\/\/www.campinglesmizottes.fr\/wp-content\/uploads\/sites\/82\/2025\/03\/Lucon-Parc-floral-de-la-Presquile-2-1536x1025.webp 1536w\" sizes=\"auto, (max-width: 2023px) 100vw, 2023px\" data-has-transparency=\"false\" data-dominant-color=\"777578\" style=\"--dominant-color: #777578;\" \/>                    <\/div>\r\n        <div class=\"gt-cta__content\">\r\n            <div class=\"gt-cta__title\">\r\n                Lu\u00e7on            <\/div>\r\n        <\/div>\r\n    <\/a>\r\n<\/article>\r\n    \r\n        <article \r\n    class=\"gt-cta gt-cta--page\" \r\n    style=\"aspect-ratio:1\/1\"\r\n>\r\n    <a href=\"https:\/\/www.campinglesmizottes.fr\/nl\/visiter-marais-poitevin\/\" title=\"Poitevin moerassen\" class=\"gt-cta__link\">\r\n        <div class=\"gt-cta__thumb\">\r\n                            <img alt=\"camping pas cher marais poitevin\" loading=\"lazy\" decoding=\"async\" width=\"2000\" height=\"1333\" src=\"https:\/\/www.campinglesmizottes.fr\/wp-content\/uploads\/sites\/82\/2025\/03\/camping-pas-cher-marais-poitevin.webp\" class=\"attachment-full size-full not-transparent wp-post-image\" alt=\"\" srcset=\"https:\/\/www.campinglesmizottes.fr\/wp-content\/uploads\/sites\/82\/2025\/03\/camping-pas-cher-marais-poitevin.webp 2000w, https:\/\/www.campinglesmizottes.fr\/wp-content\/uploads\/sites\/82\/2025\/03\/camping-pas-cher-marais-poitevin-300x200.webp 300w, https:\/\/www.campinglesmizottes.fr\/wp-content\/uploads\/sites\/82\/2025\/03\/camping-pas-cher-marais-poitevin-1024x682.webp 1024w, https:\/\/www.campinglesmizottes.fr\/wp-content\/uploads\/sites\/82\/2025\/03\/camping-pas-cher-marais-poitevin-768x512.webp 768w, https:\/\/www.campinglesmizottes.fr\/wp-content\/uploads\/sites\/82\/2025\/03\/camping-pas-cher-marais-poitevin-1536x1024.webp 1536w\" sizes=\"auto, (max-width: 2000px) 100vw, 2000px\" data-has-transparency=\"false\" data-dominant-color=\"464c1c\" style=\"--dominant-color: #464c1c;\" \/>                    <\/div>\r\n        <div class=\"gt-cta__content\">\r\n            <div class=\"gt-cta__title\">\r\n                Poitevin moerassen            <\/div>\r\n        <\/div>\r\n    <\/a>\r\n<\/article>\r\n    \r\n        <article \r\n    class=\"gt-cta gt-cta--page\" \r\n    style=\"aspect-ratio:1\/1\"\r\n>\r\n    <a href=\"https:\/\/www.campinglesmizottes.fr\/nl\/velodyssee\/\" title=\"V\u00e9lodyss\u00e9e\" class=\"gt-cta__link\">\r\n        <div class=\"gt-cta__thumb\">\r\n                            <img alt=\"10\" loading=\"lazy\" decoding=\"async\" width=\"2025\" height=\"1350\" src=\"https:\/\/www.campinglesmizottes.fr\/wp-content\/uploads\/sites\/82\/2025\/03\/10.webp\" class=\"attachment-full size-full not-transparent wp-post-image\" alt=\"\" srcset=\"https:\/\/www.campinglesmizottes.fr\/wp-content\/uploads\/sites\/82\/2025\/03\/10.webp 2025w, https:\/\/www.campinglesmizottes.fr\/wp-content\/uploads\/sites\/82\/2025\/03\/10-300x200.webp 300w, https:\/\/www.campinglesmizottes.fr\/wp-content\/uploads\/sites\/82\/2025\/03\/10-1024x683.webp 1024w, https:\/\/www.campinglesmizottes.fr\/wp-content\/uploads\/sites\/82\/2025\/03\/10-768x512.webp 768w, https:\/\/www.campinglesmizottes.fr\/wp-content\/uploads\/sites\/82\/2025\/03\/10-1536x1024.webp 1536w\" sizes=\"auto, (max-width: 2025px) 100vw, 2025px\" data-has-transparency=\"false\" data-dominant-color=\"837a58\" style=\"--dominant-color: #837a58;\" \/>                    <\/div>\r\n        <div class=\"gt-cta__content\">\r\n            <div class=\"gt-cta__title\">\r\n                V\u00e9lodyss\u00e9e            <\/div>\r\n        <\/div>\r\n    <\/a>\r\n<\/article>\r\n            \r\n<\/div>\n\n\n<div style=\"height:23px\" aria-hidden=\"true\" class=\"wp-block-spacer\"><\/div>\n<\/div>\n","protected":false},"excerpt":{"rendered":"<p>La Tranche-sur-Mer Vanaf onze camping in de Vend\u00e9e bent u ideaal gelegen om La Tranche-sur-Mer te bezoeken, een bekende badplaats aan de kust van de Vend\u00e9e en in het hart van de zuidelijke Vend\u00e9e. Wat te zien in La Tranche-sur-Mer La Tranche-sur-Mer, gelegen aan de kust van de Vend\u00e9e, is een badplaats die bekend staat [&hellip;]<\/p>\n","protected":false},"author":1,"featured_media":13279,"parent":0,"menu_order":28,"comment_status":"closed","ping_status":"closed","template":"","meta":{"_acf_changed":false,"footnotes":""},"class_list":["post-13268","page","type-page","status-publish","has-post-thumbnail","hentry"],"acf":[],"yoast_head":"<!-- This site is optimized with the Yoast SEO plugin v24.8.1 - https:\/\/yoast.com\/wordpress\/plugins\/seo\/ -->\n<title>Bezoek La Tranche-sur-Mer | Wat te zien, wat te doen La Tranche-sur-Mer<\/title>\n<meta name=\"description\" content=\"La Tranche-sur-Mer, een familiebadplaats op 15 km van de camping Les Mizottes.\" \/>\n<meta name=\"robots\" content=\"index, follow, max-snippet:-1, max-image-preview:large, max-video-preview:-1\" \/>\n<link rel=\"canonical\" href=\"https:\/\/www.campinglesmizottes.fr\/nl\/visite-la-tranche-sur-mer\/\" \/>\n<meta property=\"og:locale\" content=\"nl_NL\" \/>\n<meta property=\"og:type\" content=\"article\" \/>\n<meta property=\"og:title\" content=\"Bezoek La Tranche-sur-Mer | Wat te zien, wat te doen La Tranche-sur-Mer\" \/>\n<meta property=\"og:description\" content=\"La Tranche-sur-Mer, een familiebadplaats op 15 km van de camping Les Mizottes.\" \/>\n<meta property=\"og:url\" content=\"https:\/\/www.campinglesmizottes.fr\/nl\/visite-la-tranche-sur-mer\/\" \/>\n<meta property=\"og:site_name\" content=\"Camping les Mizottes\" \/>\n<meta property=\"article:modified_time\" content=\"2025-04-14T12:02:39+00:00\" \/>\n<meta property=\"og:image\" content=\"https:\/\/www.campinglesmizottes.fr\/wp-content\/uploads\/sites\/82\/2025\/03\/embarcader-de-La-Tranche-sur-mer.webp\" \/>\n\t<meta property=\"og:image:width\" content=\"2000\" \/>\n\t<meta property=\"og:image:height\" content=\"1500\" \/>\n\t<meta property=\"og:image:type\" content=\"image\/webp\" \/>\n<meta name=\"twitter:card\" content=\"summary_large_image\" \/>\n<meta name=\"twitter:label1\" content=\"Geschatte leestijd\" \/>\n\t<meta name=\"twitter:data1\" content=\"2 minuten\" \/>\n<script type=\"application\/ld+json\" class=\"yoast-schema-graph\">{\"@context\":\"https:\/\/schema.org\",\"@graph\":[{\"@type\":\"WebPage\",\"@id\":\"https:\/\/www.campinglesmizottes.fr\/nl\/visite-la-tranche-sur-mer\/\",\"url\":\"https:\/\/www.campinglesmizottes.fr\/nl\/visite-la-tranche-sur-mer\/\",\"name\":\"Bezoek La Tranche-sur-Mer | Wat te zien, wat te doen La Tranche-sur-Mer\",\"isPartOf\":{\"@id\":\"https:\/\/www.campinglesmizottes.fr\/nl\/#website\"},\"primaryImageOfPage\":{\"@id\":\"https:\/\/www.campinglesmizottes.fr\/nl\/visite-la-tranche-sur-mer\/#primaryimage\"},\"image\":{\"@id\":\"https:\/\/www.campinglesmizottes.fr\/nl\/visite-la-tranche-sur-mer\/#primaryimage\"},\"thumbnailUrl\":\"https:\/\/www.campinglesmizottes.fr\/wp-content\/uploads\/sites\/82\/2025\/03\/embarcader-de-La-Tranche-sur-mer.webp\",\"datePublished\":\"2025-03-17T10:38:47+00:00\",\"dateModified\":\"2025-04-14T12:02:39+00:00\",\"description\":\"La Tranche-sur-Mer, een familiebadplaats op 15 km van de camping Les Mizottes.\",\"breadcrumb\":{\"@id\":\"https:\/\/www.campinglesmizottes.fr\/nl\/visite-la-tranche-sur-mer\/#breadcrumb\"},\"inLanguage\":\"nl-NL\",\"potentialAction\":[{\"@type\":\"ReadAction\",\"target\":[\"https:\/\/www.campinglesmizottes.fr\/nl\/visite-la-tranche-sur-mer\/\"]}]},{\"@type\":\"ImageObject\",\"inLanguage\":\"nl-NL\",\"@id\":\"https:\/\/www.campinglesmizottes.fr\/nl\/visite-la-tranche-sur-mer\/#primaryimage\",\"url\":\"https:\/\/www.campinglesmizottes.fr\/wp-content\/uploads\/sites\/82\/2025\/03\/embarcader-de-La-Tranche-sur-mer.webp\",\"contentUrl\":\"https:\/\/www.campinglesmizottes.fr\/wp-content\/uploads\/sites\/82\/2025\/03\/embarcader-de-La-Tranche-sur-mer.webp\",\"width\":2000,\"height\":1500},{\"@type\":\"BreadcrumbList\",\"@id\":\"https:\/\/www.campinglesmizottes.fr\/nl\/visite-la-tranche-sur-mer\/#breadcrumb\",\"itemListElement\":[{\"@type\":\"ListItem\",\"position\":1,\"name\":\"Accueil\",\"item\":\"https:\/\/www.campinglesmizottes.fr\/nl\/\"},{\"@type\":\"ListItem\",\"position\":2,\"name\":\"Ontdek La Tranche-sur-Mer\"}]},{\"@type\":\"WebSite\",\"@id\":\"https:\/\/www.campinglesmizottes.fr\/nl\/#website\",\"url\":\"https:\/\/www.campinglesmizottes.fr\/nl\/\",\"name\":\"Camping les Mizottes\",\"description\":\"\",\"publisher\":{\"@id\":\"https:\/\/www.campinglesmizottes.fr\/nl\/#organization\"},\"potentialAction\":[{\"@type\":\"SearchAction\",\"target\":{\"@type\":\"EntryPoint\",\"urlTemplate\":\"https:\/\/www.campinglesmizottes.fr\/nl\/?s={search_term_string}\"},\"query-input\":{\"@type\":\"PropertyValueSpecification\",\"valueRequired\":true,\"valueName\":\"search_term_string\"}}],\"inLanguage\":\"nl-NL\"},{\"@type\":\"Organization\",\"@id\":\"https:\/\/www.campinglesmizottes.fr\/nl\/#organization\",\"name\":\"Camping les Mizottes\",\"url\":\"https:\/\/www.campinglesmizottes.fr\/nl\/\",\"logo\":{\"@type\":\"ImageObject\",\"inLanguage\":\"nl-NL\",\"@id\":\"https:\/\/www.campinglesmizottes.fr\/nl\/#\/schema\/logo\/image\/\",\"url\":\"https:\/\/www.campinglesmizottes.fr\/wp-content\/uploads\/sites\/82\/2025\/03\/logo-campinglesmizottes-vendee.jpg\",\"contentUrl\":\"https:\/\/www.campinglesmizottes.fr\/wp-content\/uploads\/sites\/82\/2025\/03\/logo-campinglesmizottes-vendee.jpg\",\"width\":360,\"height\":360,\"caption\":\"Camping les Mizottes\"},\"image\":{\"@id\":\"https:\/\/www.campinglesmizottes.fr\/nl\/#\/schema\/logo\/image\/\"}}]}<\/script>\n<!-- \/ Yoast SEO plugin. -->","yoast_head_json":{"title":"Bezoek La Tranche-sur-Mer | Wat te zien, wat te doen La Tranche-sur-Mer","description":"La Tranche-sur-Mer, een familiebadplaats op 15 km van de camping Les Mizottes.","robots":{"index":"index","follow":"follow","max-snippet":"max-snippet:-1","max-image-preview":"max-image-preview:large","max-video-preview":"max-video-preview:-1"},"canonical":"https:\/\/www.campinglesmizottes.fr\/nl\/visite-la-tranche-sur-mer\/","og_locale":"nl_NL","og_type":"article","og_title":"Bezoek La Tranche-sur-Mer | Wat te zien, wat te doen La Tranche-sur-Mer","og_description":"La Tranche-sur-Mer, een familiebadplaats op 15 km van de camping Les Mizottes.","og_url":"https:\/\/www.campinglesmizottes.fr\/nl\/visite-la-tranche-sur-mer\/","og_site_name":"Camping les Mizottes","article_modified_time":"2025-04-14T12:02:39+00:00","og_image":[{"width":2000,"height":1500,"url":"https:\/\/www.campinglesmizottes.fr\/wp-content\/uploads\/sites\/82\/2025\/03\/embarcader-de-La-Tranche-sur-mer.webp","type":"image\/webp"}],"twitter_card":"summary_large_image","twitter_misc":{"Geschatte leestijd":"2 minuten"},"schema":{"@context":"https:\/\/schema.org","@graph":[{"@type":"WebPage","@id":"https:\/\/www.campinglesmizottes.fr\/nl\/visite-la-tranche-sur-mer\/","url":"https:\/\/www.campinglesmizottes.fr\/nl\/visite-la-tranche-sur-mer\/","name":"Bezoek La Tranche-sur-Mer | Wat te zien, wat te doen La Tranche-sur-Mer","isPartOf":{"@id":"https:\/\/www.campinglesmizottes.fr\/nl\/#website"},"primaryImageOfPage":{"@id":"https:\/\/www.campinglesmizottes.fr\/nl\/visite-la-tranche-sur-mer\/#primaryimage"},"image":{"@id":"https:\/\/www.campinglesmizottes.fr\/nl\/visite-la-tranche-sur-mer\/#primaryimage"},"thumbnailUrl":"https:\/\/www.campinglesmizottes.fr\/wp-content\/uploads\/sites\/82\/2025\/03\/embarcader-de-La-Tranche-sur-mer.webp","datePublished":"2025-03-17T10:38:47+00:00","dateModified":"2025-04-14T12:02:39+00:00","description":"La Tranche-sur-Mer, een familiebadplaats op 15 km van de camping Les Mizottes.","breadcrumb":{"@id":"https:\/\/www.campinglesmizottes.fr\/nl\/visite-la-tranche-sur-mer\/#breadcrumb"},"inLanguage":"nl-NL","potentialAction":[{"@type":"ReadAction","target":["https:\/\/www.campinglesmizottes.fr\/nl\/visite-la-tranche-sur-mer\/"]}]},{"@type":"ImageObject","inLanguage":"nl-NL","@id":"https:\/\/www.campinglesmizottes.fr\/nl\/visite-la-tranche-sur-mer\/#primaryimage","url":"https:\/\/www.campinglesmizottes.fr\/wp-content\/uploads\/sites\/82\/2025\/03\/embarcader-de-La-Tranche-sur-mer.webp","contentUrl":"https:\/\/www.campinglesmizottes.fr\/wp-content\/uploads\/sites\/82\/2025\/03\/embarcader-de-La-Tranche-sur-mer.webp","width":2000,"height":1500},{"@type":"BreadcrumbList","@id":"https:\/\/www.campinglesmizottes.fr\/nl\/visite-la-tranche-sur-mer\/#breadcrumb","itemListElement":[{"@type":"ListItem","position":1,"name":"Accueil","item":"https:\/\/www.campinglesmizottes.fr\/nl\/"},{"@type":"ListItem","position":2,"name":"Ontdek La Tranche-sur-Mer"}]},{"@type":"WebSite","@id":"https:\/\/www.campinglesmizottes.fr\/nl\/#website","url":"https:\/\/www.campinglesmizottes.fr\/nl\/","name":"Camping les Mizottes","description":"","publisher":{"@id":"https:\/\/www.campinglesmizottes.fr\/nl\/#organization"},"potentialAction":[{"@type":"SearchAction","target":{"@type":"EntryPoint","urlTemplate":"https:\/\/www.campinglesmizottes.fr\/nl\/?s={search_term_string}"},"query-input":{"@type":"PropertyValueSpecification","valueRequired":true,"valueName":"search_term_string"}}],"inLanguage":"nl-NL"},{"@type":"Organization","@id":"https:\/\/www.campinglesmizottes.fr\/nl\/#organization","name":"Camping les Mizottes","url":"https:\/\/www.campinglesmizottes.fr\/nl\/","logo":{"@type":"ImageObject","inLanguage":"nl-NL","@id":"https:\/\/www.campinglesmizottes.fr\/nl\/#\/schema\/logo\/image\/","url":"https:\/\/www.campinglesmizottes.fr\/wp-content\/uploads\/sites\/82\/2025\/03\/logo-campinglesmizottes-vendee.jpg","contentUrl":"https:\/\/www.campinglesmizottes.fr\/wp-content\/uploads\/sites\/82\/2025\/03\/logo-campinglesmizottes-vendee.jpg","width":360,"height":360,"caption":"Camping les Mizottes"},"image":{"@id":"https:\/\/www.campinglesmizottes.fr\/nl\/#\/schema\/logo\/image\/"}}]}},"_links":{"self":[{"href":"https:\/\/www.campinglesmizottes.fr\/nl\/wp-json\/wp\/v2\/pages\/13268","targetHints":{"allow":["GET"]}}],"collection":[{"href":"https:\/\/www.campinglesmizottes.fr\/nl\/wp-json\/wp\/v2\/pages"}],"about":[{"href":"https:\/\/www.campinglesmizottes.fr\/nl\/wp-json\/wp\/v2\/types\/page"}],"author":[{"embeddable":true,"href":"https:\/\/www.campinglesmizottes.fr\/nl\/wp-json\/wp\/v2\/users\/1"}],"replies":[{"embeddable":true,"href":"https:\/\/www.campinglesmizottes.fr\/nl\/wp-json\/wp\/v2\/comments?post=13268"}],"version-history":[{"count":2,"href":"https:\/\/www.campinglesmizottes.fr\/nl\/wp-json\/wp\/v2\/pages\/13268\/revisions"}],"predecessor-version":[{"id":14747,"href":"https:\/\/www.campinglesmizottes.fr\/nl\/wp-json\/wp\/v2\/pages\/13268\/revisions\/14747"}],"wp:featuredmedia":[{"embeddable":true,"href":"https:\/\/www.campinglesmizottes.fr\/nl\/wp-json\/wp\/v2\/media\/13279"}],"wp:attachment":[{"href":"https:\/\/www.campinglesmizottes.fr\/nl\/wp-json\/wp\/v2\/media?parent=13268"}],"curies":[{"name":"wp","href":"https:\/\/api.w.org\/{rel}","templated":true}]}}